{"id":311,"date":"2023-07-05T12:20:32","date_gmt":"2023-07-05T12:20:32","guid":{"rendered":"https:\/\/mcateknikyapi.com\/?page_id=311"},"modified":"2023-08-08T17:39:01","modified_gmt":"2023-08-08T17:39:01","slug":"mineral-yun","status":"publish","type":"page","link":"https:\/\/mcateknikyapi.com\/index.php\/mineral-yun\/","title":{"rendered":"M\u0130NERAL Y\u00dcN"},"content":{"rendered":"\n<div class=\"wp-block-columns alignfull is-layout-flex wp-container-core-columns-is-layout-28f84493 wp-block-columns-is-layout-flex\">\n<div class=\"wp-block-column is-layout-flow wp-block-column-is-layout-flow\"><\/div>\n<\/div>\n\n\n","protected":false},"excerpt":{"rendered":"","protected":false},"author":1,"featured_media":0,"parent":0,"menu_order":0,"comment_status":"closed","ping_status":"closed","template":"","meta":{"footnotes":""},"class_list":["post-311","page","type-page","status-publish","hentry"],"yoast_head":"<!-- This site is optimized with the Yoast SEO plugin v27.4 - https:\/\/yoast.com\/product\/yoast-seo-wordpress\/ -->\n<title>M\u0130NERAL Y\u00dcN - MCA TEKN?K YAPI<\/title>\n<meta name=\"description\" content=\"mineral y\u00fcn do\u011fal bile\u015fenlerden olu\u015fan ve sa\u011fl\u0131\u011fa zararl\u0131 kimyasal ba\u011flay\u0131c\u0131lar i\u00e7ermeyen \u0131s\u0131 ve ses yal\u0131t\u0131m\u0131nda y\u00fcksek performans\" \/>\n<meta name=\"robots\" content=\"index, follow, max-snippet:-1, max-image-preview:large, max-video-preview:-1\" \/>\n<link rel=\"canonical\" href=\"https:\/\/mcateknikyapi.com\/index.php\/mineral-yun\/\" \/>\n<meta property=\"og:locale\" content=\"en_US\" \/>\n<meta property=\"og:type\" content=\"article\" \/>\n<meta property=\"og:title\" content=\"M\u0130NERAL Y\u00dcN - MCA TEKN?K YAPI\" \/>\n<meta property=\"og:description\" content=\"mineral y\u00fcn do\u011fal bile\u015fenlerden olu\u015fan ve sa\u011fl\u0131\u011fa zararl\u0131 kimyasal ba\u011flay\u0131c\u0131lar i\u00e7ermeyen \u0131s\u0131 ve ses yal\u0131t\u0131m\u0131nda y\u00fcksek performans\" \/>\n<meta property=\"og:url\" content=\"https:\/\/mcateknikyapi.com\/index.php\/mineral-yun\/\" \/>\n<meta property=\"og:site_name\" content=\"MCA TEKN?K YAPI\" \/>\n<meta property=\"article:modified_time\" content=\"2023-08-08T17:39:01+00:00\" \/>\n<meta property=\"og:image\" content=\"https:\/\/mcateknikyapi.com\/wp-content\/uploads\/2023\/07\/tas_yunu_3-1.jpg\" \/>\n<meta name=\"twitter:card\" content=\"summary_large_image\" \/>\n<meta name=\"twitter:label1\" content=\"Est. reading time\" \/>\n\t<meta name=\"twitter:data1\" content=\"1 minute\" \/>\n<script type=\"application\/ld+json\" class=\"yoast-schema-graph\">{\"@context\":\"https:\\\/\\\/schema.org\",\"@graph\":[{\"@type\":\"WebPage\",\"@id\":\"https:\\\/\\\/mcateknikyapi.com\\\/index.php\\\/mineral-yun\\\/\",\"url\":\"https:\\\/\\\/mcateknikyapi.com\\\/index.php\\\/mineral-yun\\\/\",\"name\":\"M\u0130NERAL Y\u00dcN - MCA TEKN?K YAPI\",\"isPartOf\":{\"@id\":\"https:\\\/\\\/mcateknikyapi.com\\\/#website\"},\"primaryImageOfPage\":{\"@id\":\"https:\\\/\\\/mcateknikyapi.com\\\/index.php\\\/mineral-yun\\\/#primaryimage\"},\"image\":{\"@id\":\"https:\\\/\\\/mcateknikyapi.com\\\/index.php\\\/mineral-yun\\\/#primaryimage\"},\"thumbnailUrl\":\"https:\\\/\\\/mcateknikyapi.com\\\/wp-content\\\/uploads\\\/2023\\\/07\\\/tas_yunu_3-1.jpg\",\"datePublished\":\"2023-07-05T12:20:32+00:00\",\"dateModified\":\"2023-08-08T17:39:01+00:00\",\"description\":\"mineral y\u00fcn do\u011fal bile\u015fenlerden olu\u015fan ve sa\u011fl\u0131\u011fa zararl\u0131 kimyasal ba\u011flay\u0131c\u0131lar i\u00e7ermeyen \u0131s\u0131 ve ses yal\u0131t\u0131m\u0131nda y\u00fcksek performans\",\"breadcrumb\":{\"@id\":\"https:\\\/\\\/mcateknikyapi.com\\\/index.php\\\/mineral-yun\\\/#breadcrumb\"},\"inLanguage\":\"en\",\"potentialAction\":[{\"@type\":\"ReadAction\",\"target\":[\"https:\\\/\\\/mcateknikyapi.com\\\/index.php\\\/mineral-yun\\\/\"]}]},{\"@type\":\"ImageObject\",\"inLanguage\":\"en\",\"@id\":\"https:\\\/\\\/mcateknikyapi.com\\\/index.php\\\/mineral-yun\\\/#primaryimage\",\"url\":\"https:\\\/\\\/mcateknikyapi.com\\\/wp-content\\\/uploads\\\/2023\\\/07\\\/tas_yunu_3-1.jpg\",\"contentUrl\":\"https:\\\/\\\/mcateknikyapi.com\\\/wp-content\\\/uploads\\\/2023\\\/07\\\/tas_yunu_3-1.jpg\",\"width\":375,\"height\":375},{\"@type\":\"BreadcrumbList\",\"@id\":\"https:\\\/\\\/mcateknikyapi.com\\\/index.php\\\/mineral-yun\\\/#breadcrumb\",\"itemListElement\":[{\"@type\":\"ListItem\",\"position\":1,\"name\":\"Home\",\"item\":\"https:\\\/\\\/mcateknikyapi.com\\\/\"},{\"@type\":\"ListItem\",\"position\":2,\"name\":\"M\u0130NERAL Y\u00dcN\"}]},{\"@type\":\"WebSite\",\"@id\":\"https:\\\/\\\/mcateknikyapi.com\\\/#website\",\"url\":\"https:\\\/\\\/mcateknikyapi.com\\\/\",\"name\":\"MCA TEKN?K YAPI\",\"description\":\"MCA TEKN?K YAPI\",\"potentialAction\":[{\"@type\":\"SearchAction\",\"target\":{\"@type\":\"EntryPoint\",\"urlTemplate\":\"https:\\\/\\\/mcateknikyapi.com\\\/?s={search_term_string}\"},\"query-input\":{\"@type\":\"PropertyValueSpecification\",\"valueRequired\":true,\"valueName\":\"search_term_string\"}}],\"inLanguage\":\"en\"}]}<\/script>\n<!-- \/ Yoast SEO plugin. -->","yoast_head_json":{"title":"M\u0130NERAL Y\u00dcN - MCA TEKN?K YAPI","description":"mineral y\u00fcn do\u011fal bile\u015fenlerden olu\u015fan ve sa\u011fl\u0131\u011fa zararl\u0131 kimyasal ba\u011flay\u0131c\u0131lar i\u00e7ermeyen \u0131s\u0131 ve ses yal\u0131t\u0131m\u0131nda y\u00fcksek performans","robots":{"index":"index","follow":"follow","max-snippet":"max-snippet:-1","max-image-preview":"max-image-preview:large","max-video-preview":"max-video-preview:-1"},"canonical":"https:\/\/mcateknikyapi.com\/index.php\/mineral-yun\/","og_locale":"en_US","og_type":"article","og_title":"M\u0130NERAL Y\u00dcN - MCA TEKN?K YAPI","og_description":"mineral y\u00fcn do\u011fal bile\u015fenlerden olu\u015fan ve sa\u011fl\u0131\u011fa zararl\u0131 kimyasal ba\u011flay\u0131c\u0131lar i\u00e7ermeyen \u0131s\u0131 ve ses yal\u0131t\u0131m\u0131nda y\u00fcksek performans","og_url":"https:\/\/mcateknikyapi.com\/index.php\/mineral-yun\/","og_site_name":"MCA TEKN?K YAPI","article_modified_time":"2023-08-08T17:39:01+00:00","og_image":[{"url":"https:\/\/mcateknikyapi.com\/wp-content\/uploads\/2023\/07\/tas_yunu_3-1.jpg","type":"","width":"","height":""}],"twitter_card":"summary_large_image","twitter_misc":{"Est. reading time":"1 minute"},"schema":{"@context":"https:\/\/schema.org","@graph":[{"@type":"WebPage","@id":"https:\/\/mcateknikyapi.com\/index.php\/mineral-yun\/","url":"https:\/\/mcateknikyapi.com\/index.php\/mineral-yun\/","name":"M\u0130NERAL Y\u00dcN - MCA TEKN?K YAPI","isPartOf":{"@id":"https:\/\/mcateknikyapi.com\/#website"},"primaryImageOfPage":{"@id":"https:\/\/mcateknikyapi.com\/index.php\/mineral-yun\/#primaryimage"},"image":{"@id":"https:\/\/mcateknikyapi.com\/index.php\/mineral-yun\/#primaryimage"},"thumbnailUrl":"https:\/\/mcateknikyapi.com\/wp-content\/uploads\/2023\/07\/tas_yunu_3-1.jpg","datePublished":"2023-07-05T12:20:32+00:00","dateModified":"2023-08-08T17:39:01+00:00","description":"mineral y\u00fcn do\u011fal bile\u015fenlerden olu\u015fan ve sa\u011fl\u0131\u011fa zararl\u0131 kimyasal ba\u011flay\u0131c\u0131lar i\u00e7ermeyen \u0131s\u0131 ve ses yal\u0131t\u0131m\u0131nda y\u00fcksek performans","breadcrumb":{"@id":"https:\/\/mcateknikyapi.com\/index.php\/mineral-yun\/#breadcrumb"},"inLanguage":"en","potentialAction":[{"@type":"ReadAction","target":["https:\/\/mcateknikyapi.com\/index.php\/mineral-yun\/"]}]},{"@type":"ImageObject","inLanguage":"en","@id":"https:\/\/mcateknikyapi.com\/index.php\/mineral-yun\/#primaryimage","url":"https:\/\/mcateknikyapi.com\/wp-content\/uploads\/2023\/07\/tas_yunu_3-1.jpg","contentUrl":"https:\/\/mcateknikyapi.com\/wp-content\/uploads\/2023\/07\/tas_yunu_3-1.jpg","width":375,"height":375},{"@type":"BreadcrumbList","@id":"https:\/\/mcateknikyapi.com\/index.php\/mineral-yun\/#breadcrumb","itemListElement":[{"@type":"ListItem","position":1,"name":"Home","item":"https:\/\/mcateknikyapi.com\/"},{"@type":"ListItem","position":2,"name":"M\u0130NERAL Y\u00dcN"}]},{"@type":"WebSite","@id":"https:\/\/mcateknikyapi.com\/#website","url":"https:\/\/mcateknikyapi.com\/","name":"MCA TEKN?K YAPI","description":"MCA TEKN?K YAPI","potentialAction":[{"@type":"SearchAction","target":{"@type":"EntryPoint","urlTemplate":"https:\/\/mcateknikyapi.com\/?s={search_term_string}"},"query-input":{"@type":"PropertyValueSpecification","valueRequired":true,"valueName":"search_term_string"}}],"inLanguage":"en"}]}},"_links":{"self":[{"href":"https:\/\/mcateknikyapi.com\/index.php\/wp-json\/wp\/v2\/pages\/311","targetHints":{"allow":["GET"]}}],"collection":[{"href":"https:\/\/mcateknikyapi.com\/index.php\/wp-json\/wp\/v2\/pages"}],"about":[{"href":"https:\/\/mcateknikyapi.com\/index.php\/wp-json\/wp\/v2\/types\/page"}],"author":[{"embeddable":true,"href":"https:\/\/mcateknikyapi.com\/index.php\/wp-json\/wp\/v2\/users\/1"}],"replies":[{"embeddable":true,"href":"https:\/\/mcateknikyapi.com\/index.php\/wp-json\/wp\/v2\/comments?post=311"}],"version-history":[{"count":6,"href":"https:\/\/mcateknikyapi.com\/index.php\/wp-json\/wp\/v2\/pages\/311\/revisions"}],"predecessor-version":[{"id":948,"href":"https:\/\/mcateknikyapi.com\/index.php\/wp-json\/wp\/v2\/pages\/311\/revisions\/948"}],"wp:attachment":[{"href":"https:\/\/mcateknikyapi.com\/index.php\/wp-json\/wp\/v2\/media?parent=311"}],"curies":[{"name":"wp","href":"https:\/\/api.w.org\/{rel}","templated":true}]}}