{"id":393,"date":"2023-07-12T10:26:24","date_gmt":"2023-07-12T10:26:24","guid":{"rendered":"https:\/\/mcateknikyapi.com\/?page_id=393"},"modified":"2023-08-08T17:40:13","modified_gmt":"2023-08-08T17:40:13","slug":"osb","status":"publish","type":"page","link":"https:\/\/mcateknikyapi.com\/index.php\/osb\/","title":{"rendered":"OSB"},"content":{"rendered":"\n<div class=\"wp-block-columns alignfull is-layout-flex wp-container-core-columns-is-layout-28f84493 wp-block-columns-is-layout-flex\">\n<div class=\"wp-block-column is-layout-flow wp-block-column-is-layout-flow\">\n<div class=\"section-wrapper\" data-id=\"9rsSZi\"><section class=\"wp-block-gutenverse-section guten-element guten-section guten-9rsSZi layout-boxed align-stretch\"><div class=\"guten-background-overlay\"><\/div><div class=\"guten-shape-divider guten-shape-divider-top\"><\/div><div class=\"guten-shape-divider guten-shape-divider-bottom\"><\/div><div class=\"guten-container guten-column-gap-no\">\n<div class=\"wp-block-gutenverse-column guten-element guten-column guten-8F5CTQ\"><div class=\"guten-background-overlay\"><\/div><div class=\"sticky-wrapper\" data-id=\"8F5CTQ\"><div class=\"guten-column-wrapper\">\n<h1 class=\"wp-block-gutenverse-heading guten-element guten-gEClE2\">OSB<\/h1>\n<\/div><\/div><\/div>\n\n\n\n<div class=\"wp-block-gutenverse-column guten-element guten-column guten-HyAi7p\"><div class=\"guten-background-overlay\"><\/div><div class=\"sticky-wrapper\" data-id=\"HyAi7p\"><div class=\"guten-column-wrapper\">\n<div class=\"guten-element guten-icon-list guten-gMJwuM inline-icon-list\">\n<div class=\"guten-element guten-icon-list-item guten-9rtfCo\"><a id=\"guten-9rtfCo\"><span class=\"list-text no-icon\">Ana Sayfa<\/span><\/a><\/div>\n\n\n\n<div class=\"guten-element guten-icon-list-item guten-Ey0PP1\"><a id=\"guten-Ey0PP1\"><i class=\"fas fa-chevron-right\"><\/i><span class=\"list-text \">\u00dcr\u00fcnler<\/span><\/a><\/div>\n\n\n\n<div class=\"guten-element guten-icon-list-item guten-oXBRHW\"><a id=\"guten-oXBRHW\"><i class=\"fas fa-chevron-right\"><\/i><span class=\"list-text \">\u00c7at\u0131 Malzemeleri<\/span><\/a><\/div>\n<\/div>\n<\/div><\/div><\/div>\n<\/div><\/section><\/div>\n<\/div>\n<\/div>\n\n\n\n<div class=\"section-wrapper\" data-id=\"zFAwC3\"><section class=\"wp-block-gutenverse-section guten-element guten-section guten-zFAwC3 layout-boxed align-stretch\"><div class=\"guten-background-overlay\"><\/div><div class=\"guten-shape-divider guten-shape-divider-top\"><\/div><div class=\"guten-shape-divider guten-shape-divider-bottom\"><\/div><div class=\"guten-container guten-column-gap-default\">\n<div class=\"wp-block-gutenverse-column guten-element guten-column guten-2GEjWW\"><div class=\"guten-background-overlay\"><\/div><div class=\"sticky-wrapper\" data-id=\"2GEjWW\"><div class=\"guten-column-wrapper\">\n<div class=\"wp-block-gutenverse-image guten-element guten-image guten-39NgsY\"><a class=\"guten-image-wrapper\"><img decoding=\"async\" class=\"gutenverse-image-box-filled\" src=\"https:\/\/mcateknikyapi.com\/wp-content\/uploads\/2023\/07\/osb.jpg\" height=\"1000\" width=\"1000\"\/><\/a><\/div>\n<\/div><\/div><\/div>\n\n\n\n<div class=\"wp-block-gutenverse-column guten-element guten-column guten-2knbig\"><div class=\"guten-background-overlay\"><\/div><div class=\"sticky-wrapper\" data-id=\"2knbig\"><div class=\"guten-column-wrapper\">\n<h2 class=\"wp-block-gutenverse-heading guten-element guten-0sfW6I\">OSB<\/h2>\n\n\n\n<ul class=\"wp-block-list\">\n<li>Dayan\u0131kl\u0131l\u0131k kapsam\u0131nda kendini g\u00f6steren ve y\u00fck ta\u015f\u0131ma noktas\u0131ndaki kabiliyeti ile in\u015faat alanlar\u0131nda kullan\u0131lan bir yap\u0131 malzemesidir.<\/li>\n\n\n\n<li>OSB levha halinde bulunmas\u0131yla birlikte in\u015faat i\u00e7erisinde y\u00fck ta\u015f\u0131mas\u0131 ve dekoratif amac\u0131yla kullan\u0131lmaktad\u0131r.<\/li>\n\n\n\n<li>Yap\u0131sal olarak OSB ah\u015fap bir malzemeden yap\u0131lmaktad\u0131r. Bu nedenle in\u015faat sekt\u00f6r\u00fc i\u00e7erisinde dekoratif noktalarda s\u0131k\u00e7a kullan\u0131ld\u0131\u011f\u0131 g\u00f6zlemlenmi\u015ftir.<\/li>\n\n\n\n<li>OSB yap\u0131s\u0131 gere\u011fi 3 katmandan olu\u015fmaktad\u0131r. Her katman birbirine dik bir konumda yerle\u015ftirilerek yap\u0131lmaktad\u0131r.<\/li>\n\n\n\n<li>Kontrplak teknolojisi \u00f6rnek al\u0131narak yap\u0131lan bu sistem i\u00e7erisinde genel olarak 95 milimetre uzunlu\u011funda ve 0,65 milimetre kal\u0131nl\u0131\u011f\u0131nda ah\u015fap par\u00e7alar\u0131 \u00fcst \u00fcste koyularak bir imalar s\u00fcreci bulunmaktad\u0131r.<\/li>\n\n\n\n<li>Kontrplak yap\u0131s\u0131ndan al\u0131nmas\u0131ndan kaynakl\u0131 olarak OSB dayan\u0131kl\u0131l\u0131k konusunda di\u011fer malzemelere g\u00f6rse kendini olduk\u00e7a iyi bir \u015fekilde kan\u0131tlam\u0131\u015ft\u0131r.<\/li>\n\n\n\n<li>Bu nedenle yap\u0131larda kullan\u0131lmas\u0131nda herhangi bir \u015fekilde sak\u0131nca bulunmamaktad\u0131r.<\/li>\n\n\n\n<li>Genel olarak malzemeler kar\u015f\u0131s\u0131nda da daha ekonomik ve daha modern bir yap\u0131s\u0131 olmas\u0131 nedeniyle s\u0131k\u00e7a tercih edilen bir yap\u0131 malzemesi olmaktad\u0131r.<\/li>\n<\/ul>\n<\/div><\/div><\/div>\n<\/div><\/section><\/div>\n","protected":false},"excerpt":{"rendered":"","protected":false},"author":1,"featured_media":0,"parent":0,"menu_order":0,"comment_status":"closed","ping_status":"closed","template":"","meta":{"footnotes":""},"class_list":["post-393","page","type-page","status-publish","hentry"],"yoast_head":"<!-- This site is optimized with the Yoast SEO plugin v27.4 - https:\/\/yoast.com\/product\/yoast-seo-wordpress\/ -->\n<title>OSB - MCA TEKN?K YAPI<\/title>\n<meta name=\"description\" content=\"osb OSB yap\u0131s\u0131 gere\u011fi 3 katmandan olu\u015fmaktad\u0131r.\" \/>\n<meta name=\"robots\" content=\"index, follow, max-snippet:-1, max-image-preview:large, max-video-preview:-1\" \/>\n<link rel=\"canonical\" href=\"https:\/\/mcateknikyapi.com\/index.php\/osb\/\" \/>\n<meta property=\"og:locale\" content=\"en_US\" \/>\n<meta property=\"og:type\" content=\"article\" \/>\n<meta property=\"og:title\" content=\"OSB - MCA TEKN?K YAPI\" \/>\n<meta property=\"og:description\" content=\"osb OSB yap\u0131s\u0131 gere\u011fi 3 katmandan olu\u015fmaktad\u0131r.\" \/>\n<meta property=\"og:url\" content=\"https:\/\/mcateknikyapi.com\/index.php\/osb\/\" \/>\n<meta property=\"og:site_name\" content=\"MCA TEKN?K YAPI\" \/>\n<meta property=\"article:modified_time\" content=\"2023-08-08T17:40:13+00:00\" \/>\n<meta property=\"og:image\" content=\"https:\/\/mcateknikyapi.com\/wp-content\/uploads\/2023\/07\/osb.jpg\" \/>\n<meta name=\"twitter:card\" content=\"summary_large_image\" \/>\n<meta name=\"twitter:label1\" content=\"Est. reading time\" \/>\n\t<meta name=\"twitter:data1\" content=\"1 minute\" \/>\n<script type=\"application\/ld+json\" class=\"yoast-schema-graph\">{\"@context\":\"https:\\\/\\\/schema.org\",\"@graph\":[{\"@type\":\"WebPage\",\"@id\":\"https:\\\/\\\/mcateknikyapi.com\\\/index.php\\\/osb\\\/\",\"url\":\"https:\\\/\\\/mcateknikyapi.com\\\/index.php\\\/osb\\\/\",\"name\":\"OSB - MCA TEKN?K YAPI\",\"isPartOf\":{\"@id\":\"https:\\\/\\\/mcateknikyapi.com\\\/#website\"},\"primaryImageOfPage\":{\"@id\":\"https:\\\/\\\/mcateknikyapi.com\\\/index.php\\\/osb\\\/#primaryimage\"},\"image\":{\"@id\":\"https:\\\/\\\/mcateknikyapi.com\\\/index.php\\\/osb\\\/#primaryimage\"},\"thumbnailUrl\":\"https:\\\/\\\/mcateknikyapi.com\\\/wp-content\\\/uploads\\\/2023\\\/07\\\/osb.jpg\",\"datePublished\":\"2023-07-12T10:26:24+00:00\",\"dateModified\":\"2023-08-08T17:40:13+00:00\",\"description\":\"osb OSB yap\u0131s\u0131 gere\u011fi 3 katmandan olu\u015fmaktad\u0131r.\",\"breadcrumb\":{\"@id\":\"https:\\\/\\\/mcateknikyapi.com\\\/index.php\\\/osb\\\/#breadcrumb\"},\"inLanguage\":\"en\",\"potentialAction\":[{\"@type\":\"ReadAction\",\"target\":[\"https:\\\/\\\/mcateknikyapi.com\\\/index.php\\\/osb\\\/\"]}]},{\"@type\":\"ImageObject\",\"inLanguage\":\"en\",\"@id\":\"https:\\\/\\\/mcateknikyapi.com\\\/index.php\\\/osb\\\/#primaryimage\",\"url\":\"https:\\\/\\\/mcateknikyapi.com\\\/wp-content\\\/uploads\\\/2023\\\/07\\\/osb.jpg\",\"contentUrl\":\"https:\\\/\\\/mcateknikyapi.com\\\/wp-content\\\/uploads\\\/2023\\\/07\\\/osb.jpg\",\"width\":1000,\"height\":1000},{\"@type\":\"BreadcrumbList\",\"@id\":\"https:\\\/\\\/mcateknikyapi.com\\\/index.php\\\/osb\\\/#breadcrumb\",\"itemListElement\":[{\"@type\":\"ListItem\",\"position\":1,\"name\":\"Home\",\"item\":\"https:\\\/\\\/mcateknikyapi.com\\\/\"},{\"@type\":\"ListItem\",\"position\":2,\"name\":\"OSB\"}]},{\"@type\":\"WebSite\",\"@id\":\"https:\\\/\\\/mcateknikyapi.com\\\/#website\",\"url\":\"https:\\\/\\\/mcateknikyapi.com\\\/\",\"name\":\"MCA TEKN?K YAPI\",\"description\":\"MCA TEKN?K YAPI\",\"potentialAction\":[{\"@type\":\"SearchAction\",\"target\":{\"@type\":\"EntryPoint\",\"urlTemplate\":\"https:\\\/\\\/mcateknikyapi.com\\\/?s={search_term_string}\"},\"query-input\":{\"@type\":\"PropertyValueSpecification\",\"valueRequired\":true,\"valueName\":\"search_term_string\"}}],\"inLanguage\":\"en\"}]}<\/script>\n<!-- \/ Yoast SEO plugin. -->","yoast_head_json":{"title":"OSB - MCA TEKN?K YAPI","description":"osb OSB yap\u0131s\u0131 gere\u011fi 3 katmandan olu\u015fmaktad\u0131r.","robots":{"index":"index","follow":"follow","max-snippet":"max-snippet:-1","max-image-preview":"max-image-preview:large","max-video-preview":"max-video-preview:-1"},"canonical":"https:\/\/mcateknikyapi.com\/index.php\/osb\/","og_locale":"en_US","og_type":"article","og_title":"OSB - MCA TEKN?K YAPI","og_description":"osb OSB yap\u0131s\u0131 gere\u011fi 3 katmandan olu\u015fmaktad\u0131r.","og_url":"https:\/\/mcateknikyapi.com\/index.php\/osb\/","og_site_name":"MCA TEKN?K YAPI","article_modified_time":"2023-08-08T17:40:13+00:00","og_image":[{"url":"https:\/\/mcateknikyapi.com\/wp-content\/uploads\/2023\/07\/osb.jpg","type":"","width":"","height":""}],"twitter_card":"summary_large_image","twitter_misc":{"Est. reading time":"1 minute"},"schema":{"@context":"https:\/\/schema.org","@graph":[{"@type":"WebPage","@id":"https:\/\/mcateknikyapi.com\/index.php\/osb\/","url":"https:\/\/mcateknikyapi.com\/index.php\/osb\/","name":"OSB - MCA TEKN?K YAPI","isPartOf":{"@id":"https:\/\/mcateknikyapi.com\/#website"},"primaryImageOfPage":{"@id":"https:\/\/mcateknikyapi.com\/index.php\/osb\/#primaryimage"},"image":{"@id":"https:\/\/mcateknikyapi.com\/index.php\/osb\/#primaryimage"},"thumbnailUrl":"https:\/\/mcateknikyapi.com\/wp-content\/uploads\/2023\/07\/osb.jpg","datePublished":"2023-07-12T10:26:24+00:00","dateModified":"2023-08-08T17:40:13+00:00","description":"osb OSB yap\u0131s\u0131 gere\u011fi 3 katmandan olu\u015fmaktad\u0131r.","breadcrumb":{"@id":"https:\/\/mcateknikyapi.com\/index.php\/osb\/#breadcrumb"},"inLanguage":"en","potentialAction":[{"@type":"ReadAction","target":["https:\/\/mcateknikyapi.com\/index.php\/osb\/"]}]},{"@type":"ImageObject","inLanguage":"en","@id":"https:\/\/mcateknikyapi.com\/index.php\/osb\/#primaryimage","url":"https:\/\/mcateknikyapi.com\/wp-content\/uploads\/2023\/07\/osb.jpg","contentUrl":"https:\/\/mcateknikyapi.com\/wp-content\/uploads\/2023\/07\/osb.jpg","width":1000,"height":1000},{"@type":"BreadcrumbList","@id":"https:\/\/mcateknikyapi.com\/index.php\/osb\/#breadcrumb","itemListElement":[{"@type":"ListItem","position":1,"name":"Home","item":"https:\/\/mcateknikyapi.com\/"},{"@type":"ListItem","position":2,"name":"OSB"}]},{"@type":"WebSite","@id":"https:\/\/mcateknikyapi.com\/#website","url":"https:\/\/mcateknikyapi.com\/","name":"MCA TEKN?K YAPI","description":"MCA TEKN?K YAPI","potentialAction":[{"@type":"SearchAction","target":{"@type":"EntryPoint","urlTemplate":"https:\/\/mcateknikyapi.com\/?s={search_term_string}"},"query-input":{"@type":"PropertyValueSpecification","valueRequired":true,"valueName":"search_term_string"}}],"inLanguage":"en"}]}},"_links":{"self":[{"href":"https:\/\/mcateknikyapi.com\/index.php\/wp-json\/wp\/v2\/pages\/393","targetHints":{"allow":["GET"]}}],"collection":[{"href":"https:\/\/mcateknikyapi.com\/index.php\/wp-json\/wp\/v2\/pages"}],"about":[{"href":"https:\/\/mcateknikyapi.com\/index.php\/wp-json\/wp\/v2\/types\/page"}],"author":[{"embeddable":true,"href":"https:\/\/mcateknikyapi.com\/index.php\/wp-json\/wp\/v2\/users\/1"}],"replies":[{"embeddable":true,"href":"https:\/\/mcateknikyapi.com\/index.php\/wp-json\/wp\/v2\/comments?post=393"}],"version-history":[{"count":6,"href":"https:\/\/mcateknikyapi.com\/index.php\/wp-json\/wp\/v2\/pages\/393\/revisions"}],"predecessor-version":[{"id":990,"href":"https:\/\/mcateknikyapi.com\/index.php\/wp-json\/wp\/v2\/pages\/393\/revisions\/990"}],"wp:attachment":[{"href":"https:\/\/mcateknikyapi.com\/index.php\/wp-json\/wp\/v2\/media?parent=393"}],"curies":[{"name":"wp","href":"https:\/\/api.w.org\/{rel}","templated":true}]}}