{"id":414,"date":"2023-07-12T19:21:17","date_gmt":"2023-07-12T19:21:17","guid":{"rendered":"https:\/\/mcateknikyapi.com\/?page_id=414"},"modified":"2023-08-08T17:44:44","modified_gmt":"2023-08-08T17:44:44","slug":"tel-ve-civi-urunlerimiz","status":"publish","type":"page","link":"https:\/\/mcateknikyapi.com\/index.php\/tel-ve-civi-urunlerimiz\/","title":{"rendered":"TEL VE \u00c7\u0130V\u0130 \u00dcR\u00dcNLER\u0130M\u0130Z"},"content":{"rendered":"\n<div class=\"wp-block-columns alignfull is-layout-flex wp-container-core-columns-is-layout-28f84493 wp-block-columns-is-layout-flex\">\n<div class=\"wp-block-column is-layout-flow wp-block-column-is-layout-flow\"><\/div>\n<\/div>\n\n\n","protected":false},"excerpt":{"rendered":"","protected":false},"author":1,"featured_media":0,"parent":0,"menu_order":0,"comment_status":"closed","ping_status":"closed","template":"","meta":{"footnotes":""},"class_list":["post-414","page","type-page","status-publish","hentry"],"yoast_head":"<!-- This site is optimized with the Yoast SEO plugin v27.4 - https:\/\/yoast.com\/product\/yoast-seo-wordpress\/ -->\n<title>TEL VE \u00c7\u0130V\u0130 \u00dcR\u00dcNLER\u0130M\u0130Z - MCA TEKN?K YAPI<\/title>\n<meta name=\"description\" content=\"tel ve \u00e7ivi \u00fcr\u00fcnleri\" \/>\n<meta name=\"robots\" content=\"index, follow, max-snippet:-1, max-image-preview:large, max-video-preview:-1\" \/>\n<link rel=\"canonical\" href=\"https:\/\/mcateknikyapi.com\/index.php\/tel-ve-civi-urunlerimiz\/\" \/>\n<meta property=\"og:locale\" content=\"en_US\" \/>\n<meta property=\"og:type\" content=\"article\" \/>\n<meta property=\"og:title\" content=\"TEL VE \u00c7\u0130V\u0130 \u00dcR\u00dcNLER\u0130M\u0130Z - MCA TEKN?K YAPI\" \/>\n<meta property=\"og:description\" content=\"tel ve \u00e7ivi \u00fcr\u00fcnleri\" \/>\n<meta property=\"og:url\" content=\"https:\/\/mcateknikyapi.com\/index.php\/tel-ve-civi-urunlerimiz\/\" \/>\n<meta property=\"og:site_name\" content=\"MCA TEKN?K YAPI\" \/>\n<meta property=\"article:modified_time\" content=\"2023-08-08T17:44:44+00:00\" \/>\n<meta property=\"og:image\" content=\"https:\/\/mcateknikyapi.com\/wp-content\/uploads\/2023\/07\/tel_thumb.jpg\" \/>\n<meta name=\"twitter:card\" content=\"summary_large_image\" \/>\n<meta name=\"twitter:label1\" content=\"Est. reading time\" \/>\n\t<meta name=\"twitter:data1\" content=\"1 minute\" \/>\n<script type=\"application\/ld+json\" class=\"yoast-schema-graph\">{\"@context\":\"https:\\\/\\\/schema.org\",\"@graph\":[{\"@type\":\"WebPage\",\"@id\":\"https:\\\/\\\/mcateknikyapi.com\\\/index.php\\\/tel-ve-civi-urunlerimiz\\\/\",\"url\":\"https:\\\/\\\/mcateknikyapi.com\\\/index.php\\\/tel-ve-civi-urunlerimiz\\\/\",\"name\":\"TEL VE \u00c7\u0130V\u0130 \u00dcR\u00dcNLER\u0130M\u0130Z - MCA TEKN?K YAPI\",\"isPartOf\":{\"@id\":\"https:\\\/\\\/mcateknikyapi.com\\\/#website\"},\"primaryImageOfPage\":{\"@id\":\"https:\\\/\\\/mcateknikyapi.com\\\/index.php\\\/tel-ve-civi-urunlerimiz\\\/#primaryimage\"},\"image\":{\"@id\":\"https:\\\/\\\/mcateknikyapi.com\\\/index.php\\\/tel-ve-civi-urunlerimiz\\\/#primaryimage\"},\"thumbnailUrl\":\"https:\\\/\\\/mcateknikyapi.com\\\/wp-content\\\/uploads\\\/2023\\\/07\\\/tel_thumb.jpg\",\"datePublished\":\"2023-07-12T19:21:17+00:00\",\"dateModified\":\"2023-08-08T17:44:44+00:00\",\"description\":\"tel ve \u00e7ivi \u00fcr\u00fcnleri\",\"breadcrumb\":{\"@id\":\"https:\\\/\\\/mcateknikyapi.com\\\/index.php\\\/tel-ve-civi-urunlerimiz\\\/#breadcrumb\"},\"inLanguage\":\"en\",\"potentialAction\":[{\"@type\":\"ReadAction\",\"target\":[\"https:\\\/\\\/mcateknikyapi.com\\\/index.php\\\/tel-ve-civi-urunlerimiz\\\/\"]}]},{\"@type\":\"ImageObject\",\"inLanguage\":\"en\",\"@id\":\"https:\\\/\\\/mcateknikyapi.com\\\/index.php\\\/tel-ve-civi-urunlerimiz\\\/#primaryimage\",\"url\":\"https:\\\/\\\/mcateknikyapi.com\\\/wp-content\\\/uploads\\\/2023\\\/07\\\/tel_thumb.jpg\",\"contentUrl\":\"https:\\\/\\\/mcateknikyapi.com\\\/wp-content\\\/uploads\\\/2023\\\/07\\\/tel_thumb.jpg\",\"width\":375,\"height\":375},{\"@type\":\"BreadcrumbList\",\"@id\":\"https:\\\/\\\/mcateknikyapi.com\\\/index.php\\\/tel-ve-civi-urunlerimiz\\\/#breadcrumb\",\"itemListElement\":[{\"@type\":\"ListItem\",\"position\":1,\"name\":\"Home\",\"item\":\"https:\\\/\\\/mcateknikyapi.com\\\/\"},{\"@type\":\"ListItem\",\"position\":2,\"name\":\"TEL VE \u00c7\u0130V\u0130 \u00dcR\u00dcNLER\u0130M\u0130Z\"}]},{\"@type\":\"WebSite\",\"@id\":\"https:\\\/\\\/mcateknikyapi.com\\\/#website\",\"url\":\"https:\\\/\\\/mcateknikyapi.com\\\/\",\"name\":\"MCA TEKN?K YAPI\",\"description\":\"MCA TEKN?K YAPI\",\"potentialAction\":[{\"@type\":\"SearchAction\",\"target\":{\"@type\":\"EntryPoint\",\"urlTemplate\":\"https:\\\/\\\/mcateknikyapi.com\\\/?s={search_term_string}\"},\"query-input\":{\"@type\":\"PropertyValueSpecification\",\"valueRequired\":true,\"valueName\":\"search_term_string\"}}],\"inLanguage\":\"en\"}]}<\/script>\n<!-- \/ Yoast SEO plugin. -->","yoast_head_json":{"title":"TEL VE \u00c7\u0130V\u0130 \u00dcR\u00dcNLER\u0130M\u0130Z - MCA TEKN?K YAPI","description":"tel ve \u00e7ivi \u00fcr\u00fcnleri","robots":{"index":"index","follow":"follow","max-snippet":"max-snippet:-1","max-image-preview":"max-image-preview:large","max-video-preview":"max-video-preview:-1"},"canonical":"https:\/\/mcateknikyapi.com\/index.php\/tel-ve-civi-urunlerimiz\/","og_locale":"en_US","og_type":"article","og_title":"TEL VE \u00c7\u0130V\u0130 \u00dcR\u00dcNLER\u0130M\u0130Z - MCA TEKN?K YAPI","og_description":"tel ve \u00e7ivi \u00fcr\u00fcnleri","og_url":"https:\/\/mcateknikyapi.com\/index.php\/tel-ve-civi-urunlerimiz\/","og_site_name":"MCA TEKN?K YAPI","article_modified_time":"2023-08-08T17:44:44+00:00","og_image":[{"url":"https:\/\/mcateknikyapi.com\/wp-content\/uploads\/2023\/07\/tel_thumb.jpg","type":"","width":"","height":""}],"twitter_card":"summary_large_image","twitter_misc":{"Est. reading time":"1 minute"},"schema":{"@context":"https:\/\/schema.org","@graph":[{"@type":"WebPage","@id":"https:\/\/mcateknikyapi.com\/index.php\/tel-ve-civi-urunlerimiz\/","url":"https:\/\/mcateknikyapi.com\/index.php\/tel-ve-civi-urunlerimiz\/","name":"TEL VE \u00c7\u0130V\u0130 \u00dcR\u00dcNLER\u0130M\u0130Z - MCA TEKN?K YAPI","isPartOf":{"@id":"https:\/\/mcateknikyapi.com\/#website"},"primaryImageOfPage":{"@id":"https:\/\/mcateknikyapi.com\/index.php\/tel-ve-civi-urunlerimiz\/#primaryimage"},"image":{"@id":"https:\/\/mcateknikyapi.com\/index.php\/tel-ve-civi-urunlerimiz\/#primaryimage"},"thumbnailUrl":"https:\/\/mcateknikyapi.com\/wp-content\/uploads\/2023\/07\/tel_thumb.jpg","datePublished":"2023-07-12T19:21:17+00:00","dateModified":"2023-08-08T17:44:44+00:00","description":"tel ve \u00e7ivi \u00fcr\u00fcnleri","breadcrumb":{"@id":"https:\/\/mcateknikyapi.com\/index.php\/tel-ve-civi-urunlerimiz\/#breadcrumb"},"inLanguage":"en","potentialAction":[{"@type":"ReadAction","target":["https:\/\/mcateknikyapi.com\/index.php\/tel-ve-civi-urunlerimiz\/"]}]},{"@type":"ImageObject","inLanguage":"en","@id":"https:\/\/mcateknikyapi.com\/index.php\/tel-ve-civi-urunlerimiz\/#primaryimage","url":"https:\/\/mcateknikyapi.com\/wp-content\/uploads\/2023\/07\/tel_thumb.jpg","contentUrl":"https:\/\/mcateknikyapi.com\/wp-content\/uploads\/2023\/07\/tel_thumb.jpg","width":375,"height":375},{"@type":"BreadcrumbList","@id":"https:\/\/mcateknikyapi.com\/index.php\/tel-ve-civi-urunlerimiz\/#breadcrumb","itemListElement":[{"@type":"ListItem","position":1,"name":"Home","item":"https:\/\/mcateknikyapi.com\/"},{"@type":"ListItem","position":2,"name":"TEL VE \u00c7\u0130V\u0130 \u00dcR\u00dcNLER\u0130M\u0130Z"}]},{"@type":"WebSite","@id":"https:\/\/mcateknikyapi.com\/#website","url":"https:\/\/mcateknikyapi.com\/","name":"MCA TEKN?K YAPI","description":"MCA TEKN?K YAPI","potentialAction":[{"@type":"SearchAction","target":{"@type":"EntryPoint","urlTemplate":"https:\/\/mcateknikyapi.com\/?s={search_term_string}"},"query-input":{"@type":"PropertyValueSpecification","valueRequired":true,"valueName":"search_term_string"}}],"inLanguage":"en"}]}},"_links":{"self":[{"href":"https:\/\/mcateknikyapi.com\/index.php\/wp-json\/wp\/v2\/pages\/414","targetHints":{"allow":["GET"]}}],"collection":[{"href":"https:\/\/mcateknikyapi.com\/index.php\/wp-json\/wp\/v2\/pages"}],"about":[{"href":"https:\/\/mcateknikyapi.com\/index.php\/wp-json\/wp\/v2\/types\/page"}],"author":[{"embeddable":true,"href":"https:\/\/mcateknikyapi.com\/index.php\/wp-json\/wp\/v2\/users\/1"}],"replies":[{"embeddable":true,"href":"https:\/\/mcateknikyapi.com\/index.php\/wp-json\/wp\/v2\/comments?post=414"}],"version-history":[{"count":5,"href":"https:\/\/mcateknikyapi.com\/index.php\/wp-json\/wp\/v2\/pages\/414\/revisions"}],"predecessor-version":[{"id":1070,"href":"https:\/\/mcateknikyapi.com\/index.php\/wp-json\/wp\/v2\/pages\/414\/revisions\/1070"}],"wp:attachment":[{"href":"https:\/\/mcateknikyapi.com\/index.php\/wp-json\/wp\/v2\/media?parent=414"}],"curies":[{"name":"wp","href":"https:\/\/api.w.org\/{rel}","templated":true}]}}